{"id":6134,"date":"2022-09-26T07:28:38","date_gmt":"2022-09-26T07:28:38","guid":{"rendered":"https:\/\/conaculgrigorescu.com\/?page_id=6134"},"modified":"2023-03-20T17:13:57","modified_gmt":"2023-03-20T17:13:57","slug":"locuri-de-munca","status":"publish","type":"page","link":"https:\/\/conaculgrigorescu.com\/ro\/locuri-de-munca","title":{"rendered":"Locuri de munca"},"content":{"rendered":"\n<p><strong>Pozi\u021bie disponibil\u0103 \u00eencep\u00e2nd cu aprilie 2023:<\/strong><\/p>\n\n\n\n<figure class=\"wp-block-image size-full is-resized\"><img loading=\"lazy\" decoding=\"async\" src=\"https:\/\/conaculgrigorescu.com\/wp-content\/uploads\/2023\/01\/Job_Conacul-Grigorescu-1.png\" alt=\"\" class=\"wp-image-6348\" width=\"532\" height=\"446\" srcset=\"https:\/\/conaculgrigorescu.com\/wp-content\/uploads\/2023\/01\/Job_Conacul-Grigorescu-1.png 800w, https:\/\/conaculgrigorescu.com\/wp-content\/uploads\/2023\/01\/Job_Conacul-Grigorescu-1-300x252.png 300w, https:\/\/conaculgrigorescu.com\/wp-content\/uploads\/2023\/01\/Job_Conacul-Grigorescu-1-768x644.png 768w, https:\/\/conaculgrigorescu.com\/wp-content\/uploads\/2023\/01\/Job_Conacul-Grigorescu-1-600x503.png 600w\" sizes=\"auto, (max-width: 532px) 100vw, 532px\" \/><\/figure>\n\n\n\n<h2 class=\"wp-block-heading\">Asistent Manager \u00een turism &#8211; Conacul Grigorescu<\/h2>\n\n\n\n<p><strong>Descrierea jobului:<\/strong><\/p>\n\n\n\n<ul class=\"wp-block-list\">\n<li>Suport pt. management flexibil pentru toate sarcinile, \u00eentr-o agropensiune de ****<\/li>\n\n\n\n<li>Organizarea evenimentelor culinare premium (de ex. degustare de vin, v\u00e2n\u0103toare de trufe)<\/li>\n\n\n\n<li>Dezvoltare ofert\u0103 corporate (management retreat, team building etc.)&nbsp;<\/li>\n\n\n\n<li>Administrare \u0219i promovare magazin propriu (\u201eRafine\u021buri\u201d) cu produse regionale \u0219i produse Slow Food din zon\u0103 (stocuri, dezvoltarea ofertei, strategie de v\u00e2nzare)<\/li>\n\n\n\n<li>Administrarea rezerv\u0103rilor pensiunii, comunicare cu clien\u021bii (mail, telefonic, direct)<\/li>\n\n\n\n<li>Responsabil pentru check-in, distribuirea camerelor conform rezerv\u0103rilor<\/li>\n<\/ul>\n\n\n\n<p><strong>Profil candidat:<\/strong><\/p>\n\n\n\n<ul class=\"wp-block-list\">\n<li>Absolvent studii superioare (economice, marketing, turism, agronomie sau echivalent)<\/li>\n\n\n\n<li>Minim 3 ani de experien\u021ba profesional\u0103 (\u00een hotel, pensiune, restaurant, tour operator sau companie \u00een care s\u0103 fi de\u021binut o func\u021bie \u00een marketing\/evenimente sau organizare\/ asistent manager) <\/li>\n\n\n\n<li>Cuno\u0219tin\u021be \u00een agroturism\/ Slow Food sau produse artizanale <\/li>\n\n\n\n<li>Limba englez\u0103 nivel avansat<\/li>\n\n\n\n<li>Abilita\u021bi de comunicare \u0219i organizare<\/li>\n\n\n\n<li>Atitudine pro-activ\u0103, dorin\u021ba de a \u00eenva\u021b\u0103<\/li>\n\n\n\n<li>Capabil de lucru \u00een echip\u0103<\/li>\n\n\n\n<li>Flexibilitate a programului de lucru \u0219i a sarcinilor diverse<\/li>\n\n\n\n<li>Permis de conducere \u0219i mijloc de transport<\/li>\n\n\n\n<li>Cuno\u0219tin\u021be avansate \u00een Microsoft Office (Power Point, Excel), Social Media&nbsp;<\/li>\n<\/ul>\n\n\n\n<p><strong>Program<\/strong><strong>:<\/strong><\/p>\n\n\n\n<ul class=\"wp-block-list\">\n<li>Flexibil,&nbsp;5&nbsp;zile\/ s\u0103pt\u0103m\u00e2na, 50% home office, prezen\u021b\u0103 50% \u00een func\u021bie de clientel\u0103 \u0219i sezon; programul include serile \u0219i week-endurile&nbsp;(\u00een schimburi) \u00een sezon la nevoie<\/li>\n<\/ul>\n\n\n\n<p><strong>Remunera\u021bie:<\/strong><\/p>\n\n\n\n<ul class=\"wp-block-list\">\n<li>\u00cen func\u021bie de experien\u021b\u0103\/profil\/performan\u021b\u0103<\/li>\n<\/ul>\n\n\n\n<p><\/p>\n\n\n\n<p><strong>Contact:&nbsp;<\/strong><\/p>\n\n\n\n<p><a href=\"mailto:info@terracarpatica.com\">info<\/a> (a) terracarpatica.com<\/p>\n\n\n\n<hr class=\"wp-block-separator has-alpha-channel-opacity\"\/>\n\n\n\n<p class=\"has-medium-font-size\"><strong>Bucatar \/ Sous-Chef\/ Cook \/ Kitchen Assistant <\/strong><\/p>\n\n\n\n<p>We are looking for a Sous Chef \/Cook\/ Kitchen Assistant.<\/p>\n\n\n\n<p><strong>Job Description<\/strong><\/p>\n\n\n\n<p>&#8211; Preparation of dishes based on regional and seasonal products (breakfast, lunch and dinner) in a small, family-owned guest-house (slow food and fusion cuisine)<\/p>\n\n\n\n<p>&#8211; Preparation of canned products (pickles, jams, zacusca, etc.), dairy products (cheeses), sausages, support for the preparation of bakery and pastry products, etc.<\/p>\n\n\n\n<p><strong>Candidate profile<\/strong><\/p>\n\n\n\n<p>&#8211; 3 year experience, preferably in a restaurant, a hotel restaurant or street food restaurant with responsibility for a certain segment of the menu<\/p>\n\n\n\n<p>&#8211; Preferably experience in growing vegetables \/ raising farm animals or own household (chickens, ducks, goats, etc.) and preparing food products from these animals<\/p>\n\n\n\n<p>&#8211; Resistant to stress<\/p>\n\n\n\n<p>&#8211; Willingness to learn and adapt to another culinary culture (No previous knowledge in Romanian cuisine necessary, Ukrainians or Asians are most welcome)<\/p>\n\n\n\n<p>&#8211; Important: team player<\/p>\n\n\n\n<p>&#8211; Medium level of English<\/p>\n\n\n\n<p><strong>Working hours \/ Conditions<\/strong>:<\/p>\n\n\n\n<p>&#8211; 5 days \/ week, depending on the season; the program includes evenings and weekends<\/p>\n\n\n\n<p>&#8211; Remuneration depending on experience and profile<\/p>\n\n\n\n<p>&#8211; Free lunch<\/p>\n\n\n\n<p>&#8211; Accommodation can be provided<\/p>\n\n\n\n<p>Please send CV to: info(a)<a href=\"http:\/\/terracarpatica.com\/?fbclid=IwAR0yfigr7SgJhSAqVT-QMDEgyY0RfPm7-QmlDtJGbmUltXp4KDRbh8hXiYU\" rel=\"noreferrer noopener\" target=\"_blank\">terracarpatica.com<\/a><\/p>\n","protected":false},"excerpt":{"rendered":"<div class=\"mh-excerpt\"><p>Pozi\u021bie disponibil\u0103 \u00eencep\u00e2nd cu aprilie 2023: Asistent Manager \u00een turism &#8211; Conacul Grigorescu Descrierea jobului: Profil candidat: Program: Remunera\u021bie: Contact:&nbsp; info (a) terracarpatica.com Bucatar \/ Sous-Chef\/ Cook \/ Kitchen Assistant We are looking for a <a class=\"mh-excerpt-more\" href=\"https:\/\/conaculgrigorescu.com\/ro\/locuri-de-munca\" title=\"Locuri de munca\">[&#8230;]<\/a><\/p>\n<\/div>","protected":false},"author":1,"featured_media":0,"parent":0,"menu_order":0,"comment_status":"closed","ping_status":"closed","template":"","meta":{"_monsterinsights_skip_tracking":false,"_monsterinsights_sitenote_active":false,"_monsterinsights_sitenote_note":"","_monsterinsights_sitenote_category":0,"footnotes":""},"class_list":["post-6134","page","type-page","status-publish"],"yoast_head":"<!-- This site is optimized with the Yoast SEO plugin v27.3 - https:\/\/yoast.com\/product\/yoast-seo-wordpress\/ -->\n<title>Locuri de munca -<\/title>\n<meta name=\"robots\" content=\"index, follow, max-snippet:-1, max-image-preview:large, max-video-preview:-1\" \/>\n<link rel=\"canonical\" href=\"https:\/\/conaculgrigorescu.com\/ro\/locuri-de-munca\" \/>\n<meta property=\"og:locale\" content=\"ro_RO\" \/>\n<meta property=\"og:type\" content=\"article\" \/>\n<meta property=\"og:title\" content=\"Locuri de munca -\" \/>\n<meta property=\"og:description\" content=\"Pozi\u021bie disponibil\u0103 \u00eencep\u00e2nd cu aprilie 2023: Asistent Manager \u00een turism &#8211; Conacul Grigorescu Descrierea jobului: Profil candidat: Program: Remunera\u021bie: Contact:&nbsp; info (a) terracarpatica.com Bucatar \/ Sous-Chef\/ Cook \/ Kitchen Assistant We are looking for a [...]\" \/>\n<meta property=\"og:url\" content=\"https:\/\/conaculgrigorescu.com\/ro\/locuri-de-munca\" \/>\n<meta property=\"article:modified_time\" content=\"2023-03-20T17:13:57+00:00\" \/>\n<meta property=\"og:image\" content=\"https:\/\/conaculgrigorescu.com\/wp-content\/uploads\/2023\/01\/Job_Conacul-Grigorescu-1.png\" \/>\n<meta name=\"twitter:card\" content=\"summary_large_image\" \/>\n<meta name=\"twitter:label1\" content=\"Timp estimat pentru citire\" \/>\n\t<meta name=\"twitter:data1\" content=\"2 minute\" \/>\n<script type=\"application\/ld+json\" class=\"yoast-schema-graph\">{\"@context\":\"https:\\\/\\\/schema.org\",\"@graph\":[{\"@type\":\"WebPage\",\"@id\":\"https:\\\/\\\/conaculgrigorescu.com\\\/ro\\\/locuri-de-munca\",\"url\":\"https:\\\/\\\/conaculgrigorescu.com\\\/ro\\\/locuri-de-munca\",\"name\":\"Locuri de munca -\",\"isPartOf\":{\"@id\":\"https:\\\/\\\/conaculgrigorescu.com\\\/#website\"},\"primaryImageOfPage\":{\"@id\":\"https:\\\/\\\/conaculgrigorescu.com\\\/ro\\\/locuri-de-munca#primaryimage\"},\"image\":{\"@id\":\"https:\\\/\\\/conaculgrigorescu.com\\\/ro\\\/locuri-de-munca#primaryimage\"},\"thumbnailUrl\":\"https:\\\/\\\/conaculgrigorescu.com\\\/wp-content\\\/uploads\\\/2023\\\/01\\\/Job_Conacul-Grigorescu-1.png\",\"datePublished\":\"2022-09-26T07:28:38+00:00\",\"dateModified\":\"2023-03-20T17:13:57+00:00\",\"breadcrumb\":{\"@id\":\"https:\\\/\\\/conaculgrigorescu.com\\\/ro\\\/locuri-de-munca#breadcrumb\"},\"inLanguage\":\"ro-RO\",\"potentialAction\":[{\"@type\":\"ReadAction\",\"target\":[\"https:\\\/\\\/conaculgrigorescu.com\\\/ro\\\/locuri-de-munca\"]}]},{\"@type\":\"ImageObject\",\"inLanguage\":\"ro-RO\",\"@id\":\"https:\\\/\\\/conaculgrigorescu.com\\\/ro\\\/locuri-de-munca#primaryimage\",\"url\":\"https:\\\/\\\/conaculgrigorescu.com\\\/wp-content\\\/uploads\\\/2023\\\/01\\\/Job_Conacul-Grigorescu-1.png\",\"contentUrl\":\"https:\\\/\\\/conaculgrigorescu.com\\\/wp-content\\\/uploads\\\/2023\\\/01\\\/Job_Conacul-Grigorescu-1.png\"},{\"@type\":\"BreadcrumbList\",\"@id\":\"https:\\\/\\\/conaculgrigorescu.com\\\/ro\\\/locuri-de-munca#breadcrumb\",\"itemListElement\":[{\"@type\":\"ListItem\",\"position\":1,\"name\":\"Home\",\"item\":\"https:\\\/\\\/conaculgrigorescu.com\\\/ro\"},{\"@type\":\"ListItem\",\"position\":2,\"name\":\"Locuri de munca\"}]},{\"@type\":\"WebSite\",\"@id\":\"https:\\\/\\\/conaculgrigorescu.com\\\/#website\",\"url\":\"https:\\\/\\\/conaculgrigorescu.com\\\/\",\"name\":\"\",\"description\":\"\",\"potentialAction\":[{\"@type\":\"SearchAction\",\"target\":{\"@type\":\"EntryPoint\",\"urlTemplate\":\"https:\\\/\\\/conaculgrigorescu.com\\\/?s={search_term_string}\"},\"query-input\":{\"@type\":\"PropertyValueSpecification\",\"valueRequired\":true,\"valueName\":\"search_term_string\"}}],\"inLanguage\":\"ro-RO\"}]}<\/script>\n<!-- \/ Yoast SEO plugin. -->","yoast_head_json":{"title":"Locuri de munca -","robots":{"index":"index","follow":"follow","max-snippet":"max-snippet:-1","max-image-preview":"max-image-preview:large","max-video-preview":"max-video-preview:-1"},"canonical":"https:\/\/conaculgrigorescu.com\/ro\/locuri-de-munca","og_locale":"ro_RO","og_type":"article","og_title":"Locuri de munca -","og_description":"Pozi\u021bie disponibil\u0103 \u00eencep\u00e2nd cu aprilie 2023: Asistent Manager \u00een turism &#8211; Conacul Grigorescu Descrierea jobului: Profil candidat: Program: Remunera\u021bie: Contact:&nbsp; info (a) terracarpatica.com Bucatar \/ Sous-Chef\/ Cook \/ Kitchen Assistant We are looking for a [...]","og_url":"https:\/\/conaculgrigorescu.com\/ro\/locuri-de-munca","article_modified_time":"2023-03-20T17:13:57+00:00","og_image":[{"url":"https:\/\/conaculgrigorescu.com\/wp-content\/uploads\/2023\/01\/Job_Conacul-Grigorescu-1.png","type":"","width":"","height":""}],"twitter_card":"summary_large_image","twitter_misc":{"Timp estimat pentru citire":"2 minute"},"schema":{"@context":"https:\/\/schema.org","@graph":[{"@type":"WebPage","@id":"https:\/\/conaculgrigorescu.com\/ro\/locuri-de-munca","url":"https:\/\/conaculgrigorescu.com\/ro\/locuri-de-munca","name":"Locuri de munca -","isPartOf":{"@id":"https:\/\/conaculgrigorescu.com\/#website"},"primaryImageOfPage":{"@id":"https:\/\/conaculgrigorescu.com\/ro\/locuri-de-munca#primaryimage"},"image":{"@id":"https:\/\/conaculgrigorescu.com\/ro\/locuri-de-munca#primaryimage"},"thumbnailUrl":"https:\/\/conaculgrigorescu.com\/wp-content\/uploads\/2023\/01\/Job_Conacul-Grigorescu-1.png","datePublished":"2022-09-26T07:28:38+00:00","dateModified":"2023-03-20T17:13:57+00:00","breadcrumb":{"@id":"https:\/\/conaculgrigorescu.com\/ro\/locuri-de-munca#breadcrumb"},"inLanguage":"ro-RO","potentialAction":[{"@type":"ReadAction","target":["https:\/\/conaculgrigorescu.com\/ro\/locuri-de-munca"]}]},{"@type":"ImageObject","inLanguage":"ro-RO","@id":"https:\/\/conaculgrigorescu.com\/ro\/locuri-de-munca#primaryimage","url":"https:\/\/conaculgrigorescu.com\/wp-content\/uploads\/2023\/01\/Job_Conacul-Grigorescu-1.png","contentUrl":"https:\/\/conaculgrigorescu.com\/wp-content\/uploads\/2023\/01\/Job_Conacul-Grigorescu-1.png"},{"@type":"BreadcrumbList","@id":"https:\/\/conaculgrigorescu.com\/ro\/locuri-de-munca#breadcrumb","itemListElement":[{"@type":"ListItem","position":1,"name":"Home","item":"https:\/\/conaculgrigorescu.com\/ro"},{"@type":"ListItem","position":2,"name":"Locuri de munca"}]},{"@type":"WebSite","@id":"https:\/\/conaculgrigorescu.com\/#website","url":"https:\/\/conaculgrigorescu.com\/","name":"","description":"","potentialAction":[{"@type":"SearchAction","target":{"@type":"EntryPoint","urlTemplate":"https:\/\/conaculgrigorescu.com\/?s={search_term_string}"},"query-input":{"@type":"PropertyValueSpecification","valueRequired":true,"valueName":"search_term_string"}}],"inLanguage":"ro-RO"}]}},"_links":{"self":[{"href":"https:\/\/conaculgrigorescu.com\/ro\/wp-json\/wp\/v2\/pages\/6134","targetHints":{"allow":["GET"]}}],"collection":[{"href":"https:\/\/conaculgrigorescu.com\/ro\/wp-json\/wp\/v2\/pages"}],"about":[{"href":"https:\/\/conaculgrigorescu.com\/ro\/wp-json\/wp\/v2\/types\/page"}],"author":[{"embeddable":true,"href":"https:\/\/conaculgrigorescu.com\/ro\/wp-json\/wp\/v2\/users\/1"}],"replies":[{"embeddable":true,"href":"https:\/\/conaculgrigorescu.com\/ro\/wp-json\/wp\/v2\/comments?post=6134"}],"version-history":[{"count":15,"href":"https:\/\/conaculgrigorescu.com\/ro\/wp-json\/wp\/v2\/pages\/6134\/revisions"}],"predecessor-version":[{"id":6396,"href":"https:\/\/conaculgrigorescu.com\/ro\/wp-json\/wp\/v2\/pages\/6134\/revisions\/6396"}],"wp:attachment":[{"href":"https:\/\/conaculgrigorescu.com\/ro\/wp-json\/wp\/v2\/media?parent=6134"}],"curies":[{"name":"wp","href":"https:\/\/api.w.org\/{rel}","templated":true}]}}